{"id":2,"date":"2023-05-12T14:32:00","date_gmt":"2023-05-12T14:32:00","guid":{"rendered":"https:\/\/www.fratres-roma.it\/?page_id=2"},"modified":"2023-05-19T14:49:31","modified_gmt":"2023-05-19T14:49:31","slug":"sample-page","status":"publish","type":"page","link":"https:\/\/www.fratres-roma.it\/?page_id=2","title":{"rendered":"Diventa Donatore"},"content":{"rendered":"\n<p class=\"has-background\" style=\"background-color:#8dd2fc21;font-size:15px\">La donazione \u00e8 un atto volontario, anonimo, periodico, gratuito e responsabile.<br>Un piccolo gesto che rende grandi. Donando un p\u00f2 di noi stessi possiamo concretamente aiutare gli altri e contribuire a preservare il bene pi\u00f9 prezioso&#8230;la vita! Migliaia di pazienti ogni giorno possono vivere grazie a questa preziosa terapia, che non si pu\u00f2 fabbricare in laboratorio, ma si ottiene solo da una persona sana, come te!! La donazione del sangue \u00e8 importante e non comporta alcun tipo di rischio per il donatore, \u00e8 un modo per aiutare altre persone e in alcuni casi per salvare vite umane. Se sei in buona salute, hai tra 18 e 60 anni, e pesi almeno 50 kg, sei gi\u00e0 un potenziale donatore!<br>Essere in buona salute \u00e8 il requisito fondamentale per donare. Si raccomanda pertanto di non fare uso di sostanze stupefacenti, o abusare di alcolici, di non avere comportamenti sessuali a rischio causa di trasmissioni di varie malattie. L&#8217;assunzione di farmaci non esclude a priori la possibilit\u00e0 di donare sangue. Il colloquio con il medico durante la visita permetter\u00e0 di stabilire, nel caso si stia assumendo una leggera terapia, se si \u00e8 idonei alla donazione.<\/p>\n\n\n\n<blockquote class=\"wp-block-quote is-layout-flow wp-block-quote-is-layout-flow\">\n<p><\/p>\n<\/blockquote>\n\n\n\n<blockquote class=\"wp-block-quote is-layout-flow wp-block-quote-is-layout-flow\">\n<p><\/p>\n<\/blockquote>\n","protected":false},"excerpt":{"rendered":"<p>La donazione \u00e8 un atto volontario, anonimo, periodico, gratuito e responsabile.Un piccolo gesto che rende grandi. Donando un p\u00f2 di noi stessi possiamo concretamente aiutare gli altri e contribuire a preservare il bene pi\u00f9 prezioso&#8230;la vita! Migliaia di pazienti ogni giorno possono vivere grazie a questa preziosa terapia, che non si pu\u00f2 fabbricare in laboratorio, [&hellip;]<\/p>\n","protected":false},"author":1,"featured_media":0,"parent":0,"menu_order":0,"comment_status":"closed","ping_status":"open","template":"","meta":{"footnotes":""},"class_list":["post-2","page","type-page","status-publish","hentry","post"],"_links":{"self":[{"href":"https:\/\/www.fratres-roma.it\/index.php?rest_route=\/wp\/v2\/pages\/2","targetHints":{"allow":["GET"]}}],"collection":[{"href":"https:\/\/www.fratres-roma.it\/index.php?rest_route=\/wp\/v2\/pages"}],"about":[{"href":"https:\/\/www.fratres-roma.it\/index.php?rest_route=\/wp\/v2\/types\/page"}],"author":[{"embeddable":true,"href":"https:\/\/www.fratres-roma.it\/index.php?rest_route=\/wp\/v2\/users\/1"}],"replies":[{"embeddable":true,"href":"https:\/\/www.fratres-roma.it\/index.php?rest_route=%2Fwp%2Fv2%2Fcomments&post=2"}],"version-history":[{"count":4,"href":"https:\/\/www.fratres-roma.it\/index.php?rest_route=\/wp\/v2\/pages\/2\/revisions"}],"predecessor-version":[{"id":24,"href":"https:\/\/www.fratres-roma.it\/index.php?rest_route=\/wp\/v2\/pages\/2\/revisions\/24"}],"wp:attachment":[{"href":"https:\/\/www.fratres-roma.it\/index.php?rest_route=%2Fwp%2Fv2%2Fmedia&parent=2"}],"curies":[{"name":"wp","href":"https:\/\/api.w.org\/{rel}","templated":true}]}}